{"id":479,"date":"2025-04-21T13:34:52","date_gmt":"2025-04-21T17:34:52","guid":{"rendered":"https:\/\/electronica.umsa.edu.bo\/?page_id=479"},"modified":"2025-04-21T13:42:52","modified_gmt":"2025-04-21T17:42:52","slug":"informacion-academica","status":"publish","type":"page","link":"https:\/\/electronica.umsa.edu.bo\/index.php\/informacion-academica\/","title":{"rendered":"Informaci\u00f3n Acad\u00e9mica"},"content":{"rendered":"\t\t<div data-elementor-type=\"wp-page\" data-elementor-id=\"479\" class=\"elementor elementor-479\" data-elementor-post-type=\"page\">\n\t\t\t\t<div class=\"elementor-element elementor-element-5e6538c e-flex e-con-boxed e-con e-parent\" data-id=\"5e6538c\" data-element_type=\"container\" data-e-type=\"container\">\n\t\t\t\t\t<div class=\"e-con-inner\">\n\t\t\t\t<div class=\"elementor-element elementor-element-b68d8b0 elementor-widget elementor-widget-spacer\" data-id=\"b68d8b0\" data-element_type=\"widget\" data-e-type=\"widget\" data-widget_type=\"spacer.default\">\n\t\t\t\t<div class=\"elementor-widget-container\">\n\t\t\t\t\t\t\t<div class=\"elementor-spacer\">\n\t\t\t<div class=\"elementor-spacer-inner\"><\/div>\n\t\t<\/div>\n\t\t\t\t\t\t<\/div>\n\t\t\t\t<\/div>\n\t\t\t\t\t<\/div>\n\t\t\t\t<\/div>\n\t\t\t\t<section class=\"elementor-section elementor-top-section elementor-element elementor-element-89cdcdd elementor-section-boxed elementor-section-height-default elementor-section-height-default\" data-id=\"89cdcdd\" data-element_type=\"section\" data-e-type=\"section\">\n\t\t\t\t\t\t<div class=\"elementor-container elementor-column-gap-default\">\n\t\t\t\t\t<div class=\"elementor-column elementor-col-100 elementor-top-column elementor-element elementor-element-1f6abe8\" data-id=\"1f6abe8\" data-element_type=\"column\" data-e-type=\"column\">\n\t\t\t<div class=\"elementor-widget-wrap elementor-element-populated\">\n\t\t\t\t\t\t<div class=\"elementor-element elementor-element-9312440 elementor-widget elementor-widget-heading\" data-id=\"9312440\" data-element_type=\"widget\" data-e-type=\"widget\" data-widget_type=\"heading.default\">\n\t\t\t\t<div class=\"elementor-widget-container\">\n\t\t\t\t\t<h2 class=\"elementor-heading-title elementor-size-default\">Informaci\u00f3n Acad\u00e9mica<\/h2>\t\t\t\t<\/div>\n\t\t\t\t<\/div>\n\t\t\t\t<div class=\"elementor-element elementor-element-a17df25 elementor-widget elementor-widget-text-editor\" data-id=\"a17df25\" data-element_type=\"widget\" data-e-type=\"widget\" data-widget_type=\"text-editor.default\">\n\t\t\t\t<div class=\"elementor-widget-container\">\n\t\t\t\t\t\t\t\t\t<p><strong>INGENIER\u00cdA ELECTR\u00d3NICA \u2013 UMSA<\/strong><\/p><p><strong style=\"font-style: inherit;\">Formando L\u00edderes en Innovaci\u00f3n Tecnol\u00f3gica<\/strong><\/p><p>La\u00a0<strong>Carrera de Ingenier\u00eda Electr\u00f3nica<\/strong>\u00a0de la\u00a0<strong>Facultad de Ingenier\u00eda de la Universidad Mayor de San Andr\u00e9s (UMSA)<\/strong>, en La Paz &#8211; Bolivia, es un pilar acad\u00e9mico y cient\u00edfico que prepara profesionales con s\u00f3lidos conocimientos en el dise\u00f1o, desarrollo e implementaci\u00f3n de sistemas electr\u00f3nicos avanzados para impulsar el progreso tecnol\u00f3gico del pa\u00eds y la regi\u00f3n.<\/p><p>Nuestra carrera combina\u00a0<strong>formaci\u00f3n te\u00f3rica y pr\u00e1ctica<\/strong>, integrando las \u00faltimas tendencias en automatizaci\u00f3n, telecomunicaciones, hardware y software, para responder a los desaf\u00edos de la industria 4.0 y la transformaci\u00f3n digital.<\/p><p><b style=\"font-style: inherit; text-align: justify;\"><span lang=\"ES-BO\" style=\"font-size: 12.0pt; line-height: 115%; font-family: 'Arial',sans-serif; mso-fareast-font-family: 'Aptos Display'; mso-fareast-theme-font: major-fareast; letter-spacing: -.5pt; mso-ansi-language: ES-BO;\">\u00bfPor qu\u00e9 estudiar Ingenier\u00eda Electr\u00f3nica en la UMSA?<\/span><\/b><\/p><p><span lang=\"ES-BO\" style=\"font-style: inherit; font-weight: inherit; text-align: justify; text-indent: -14.7pt; font-size: 10pt; line-height: 115%; font-family: Symbol; letter-spacing: -0.5pt;\">\u00b7<span style=\"font-variant-numeric: normal; font-variant-east-asian: normal; font-variant-alternates: normal; font-size-adjust: none; font-kerning: auto; font-optical-sizing: auto; font-feature-settings: normal; font-variation-settings: normal; font-variant-position: normal; font-variant-emoji: normal; font-stretch: normal; font-size: 7pt; line-height: normal; font-family: 'Times New Roman';\">\u00a0\u00a0\u00a0\u00a0\u00a0\u00a0\u00a0\u00a0 <\/span><\/span><b style=\"font-style: inherit; text-align: justify; text-indent: -14.7pt;\"><span lang=\"ES-BO\" style=\"font-size: 12.0pt; line-height: 115%; font-family: 'Arial',sans-serif; mso-fareast-font-family: 'Aptos Display'; mso-fareast-theme-font: major-fareast; letter-spacing: -.5pt; mso-ansi-language: ES-BO;\">Excelencia acad\u00e9mica<\/span><\/b><span lang=\"ES-BO\" style=\"font-size: 12pt; font-style: inherit; font-weight: inherit; text-align: justify; text-indent: -14.7pt; line-height: 115%; font-family: Arial, sans-serif; letter-spacing: -0.5pt;\">: Plan de estudios actualizado, con docentes especializados y laboratorios equipados para pr\u00e1cticas en electr\u00f3nica anal\u00f3gica\/digital, microcontroladores, rob\u00f3tica y m\u00e1s.<\/span><\/p><ul><li><b style=\"font-style: inherit; text-align: justify; text-indent: -14.7pt;\"><span lang=\"ES-BO\" style=\"font-size: 12.0pt; line-height: 115%; font-family: 'Arial',sans-serif; mso-fareast-font-family: 'Aptos Display'; mso-fareast-theme-font: major-fareast; letter-spacing: -.5pt; mso-ansi-language: ES-BO;\">Con tres menciones<\/span><\/b><span lang=\"ES-BO\" style=\"font-size: 12pt; font-style: inherit; font-weight: inherit; text-align: justify; text-indent: -14.7pt; line-height: 115%; font-family: Arial, sans-serif; letter-spacing: -0.5pt;\">:<\/span><br \/><ul><li><b style=\"font-style: inherit; text-align: justify; text-indent: -18pt;\"><span lang=\"ES-BO\" style=\"font-size: 12.0pt; line-height: 115%; font-family: 'Arial',sans-serif; mso-fareast-font-family: 'Aptos Display'; mso-fareast-theme-font: major-fareast; letter-spacing: -.5pt; mso-ansi-language: ES-BO;\">Control<\/span><\/b><span lang=\"ES-BO\" style=\"font-size: 12pt; font-style: inherit; font-weight: inherit; text-align: justify; text-indent: -18pt; line-height: 115%; font-family: Arial, sans-serif; letter-spacing: -0.5pt;\">: Automatizaci\u00f3n industrial, rob\u00f3tica, sistemas embebidos e inteligencia artificial aplicada.<\/span><\/li><li><b style=\"font-style: inherit; text-align: justify; text-indent: -18pt;\"><span lang=\"ES-BO\" style=\"font-size: 12.0pt; line-height: 115%; font-family: 'Arial',sans-serif; mso-fareast-font-family: 'Aptos Display'; mso-fareast-theme-font: major-fareast; letter-spacing: -.5pt; mso-ansi-language: ES-BO;\">Telecomunicaciones<\/span><\/b><span lang=\"ES-BO\" style=\"font-size: 12pt; font-style: inherit; font-weight: inherit; text-align: justify; text-indent: -18pt; line-height: 115%; font-family: Arial, sans-serif; letter-spacing: -0.5pt;\">: Redes de comunicaci\u00f3n, tecnolog\u00edas inal\u00e1mbricas, fibra \u00f3ptica y desarrollo de infraestructura para conectividad.<\/span><\/li><li><b style=\"font-style: inherit; text-align: justify; text-indent: -18pt;\"><span lang=\"ES-BO\" style=\"font-size: 12.0pt; line-height: 115%; font-family: 'Arial',sans-serif; mso-fareast-font-family: 'Aptos Display'; mso-fareast-theme-font: major-fareast; letter-spacing: -.5pt; mso-ansi-language: ES-BO;\">Sistemas de Computaci\u00f3n<\/span><\/b><span lang=\"ES-BO\" style=\"font-size: 12pt; font-style: inherit; font-weight: inherit; text-align: justify; text-indent: -18pt; line-height: 115%; font-family: Arial, sans-serif; letter-spacing: -0.5pt;\">: Arquitectura de computadoras, desarrollo de hardware, software embebido e IoT (Internet de las Cosas).<\/span><\/li><\/ul><\/li><\/ul><p><span lang=\"ES-BO\" style=\"font-style: inherit; font-weight: inherit; text-align: justify; text-indent: -14.7pt; font-size: 10pt; line-height: 115%; font-family: Symbol; letter-spacing: -0.5pt;\">\u00b7<span style=\"font-variant-numeric: normal; font-variant-east-asian: normal; font-variant-alternates: normal; font-size-adjust: none; font-kerning: auto; font-optical-sizing: auto; font-feature-settings: normal; font-variation-settings: normal; font-variant-position: normal; font-variant-emoji: normal; font-stretch: normal; font-size: 7pt; line-height: normal; font-family: 'Times New Roman';\">\u00a0\u00a0\u00a0\u00a0\u00a0\u00a0\u00a0\u00a0 <\/span><\/span><b style=\"font-style: inherit; text-align: justify; text-indent: -14.7pt;\"><span lang=\"ES-BO\" style=\"font-size: 12.0pt; line-height: 115%; font-family: 'Arial',sans-serif; mso-fareast-font-family: 'Aptos Display'; mso-fareast-theme-font: major-fareast; letter-spacing: -.5pt; mso-ansi-language: ES-BO;\">Vinculaci\u00f3n con la industria<\/span><\/b><span lang=\"ES-BO\" style=\"font-size: 12pt; font-style: inherit; font-weight: inherit; text-align: justify; text-indent: -14.7pt; line-height: 115%; font-family: Arial, sans-serif; letter-spacing: -0.5pt;\">: Convenios con empresas del sector energ\u00e9tico, telecomunicaciones y manufactura para pasant\u00edas y proyectos aplicados.<\/span><\/p><p><span lang=\"ES-BO\" style=\"font-style: inherit; font-weight: inherit; text-align: justify; text-indent: -14.7pt; font-size: 10pt; line-height: 115%; font-family: Symbol; letter-spacing: -0.5pt;\">\u00b7<span style=\"font-variant-numeric: normal; font-variant-east-asian: normal; font-variant-alternates: normal; font-size-adjust: none; font-kerning: auto; font-optical-sizing: auto; font-feature-settings: normal; font-variation-settings: normal; font-variant-position: normal; font-variant-emoji: normal; font-stretch: normal; font-size: 7pt; line-height: normal; font-family: 'Times New Roman';\">\u00a0\u00a0\u00a0\u00a0\u00a0\u00a0\u00a0\u00a0 <\/span><\/span><b style=\"font-style: inherit; text-align: justify; text-indent: -14.7pt;\"><span lang=\"ES-BO\" style=\"font-size: 12.0pt; line-height: 115%; font-family: 'Arial',sans-serif; mso-fareast-font-family: 'Aptos Display'; mso-fareast-theme-font: major-fareast; letter-spacing: -.5pt; mso-ansi-language: ES-BO;\">Investigaci\u00f3n e innovaci\u00f3n<\/span><\/b><span lang=\"ES-BO\" style=\"font-size: 12pt; font-style: inherit; font-weight: inherit; text-align: justify; text-indent: -14.7pt; line-height: 115%; font-family: Arial, sans-serif; letter-spacing: -0.5pt;\">: Participaci\u00f3n en proyectos de desarrollo tecnol\u00f3gico, desde energ\u00edas renovables hasta soluciones inteligentes para ciudades y empresas.<\/span><\/p><p><!-- \/wp:list --><\/p>\t\t\t\t\t\t\t\t<\/div>\n\t\t\t\t<\/div>\n\t\t\t\t<div class=\"elementor-element elementor-element-b92dc4b elementor-widget elementor-widget-heading\" data-id=\"b92dc4b\" data-element_type=\"widget\" data-e-type=\"widget\" data-widget_type=\"heading.default\">\n\t\t\t\t<div class=\"elementor-widget-container\">\n\t\t\t\t\t<h2 class=\"elementor-heading-title elementor-size-default\">Campo Laboral<\/h2>\t\t\t\t<\/div>\n\t\t\t\t<\/div>\n\t\t\t\t<div class=\"elementor-element elementor-element-53d141b elementor-widget elementor-widget-text-editor\" data-id=\"53d141b\" data-element_type=\"widget\" data-e-type=\"widget\" data-widget_type=\"text-editor.default\">\n\t\t\t\t<div class=\"elementor-widget-container\">\n\t\t\t\t\t\t\t\t\t<p>Nuestros ingenieros electr\u00f3nicos se desempe\u00f1an en:<\/p><ul><li><strong>Industria y automatizaci\u00f3n<\/strong>: Dise\u00f1o y mantenimiento de sistemas de control en f\u00e1bricas, miner\u00eda y energ\u00eda.<\/li><li><strong>Telecomunicaciones<\/strong>: Implementaci\u00f3n de redes m\u00f3viles, satelitales y de banda ancha.<\/li><li><strong>Tecnolog\u00edas de la informaci\u00f3n<\/strong>: Desarrollo de hardware, firmware y sistemas integrados.<\/li><li><strong>Sector p\u00fablico y privado<\/strong>: Empresas de energ\u00eda, telecomunicaciones, consultor\u00edas y emprendimientos tecnol\u00f3gicos.<\/li><\/ul><p><!-- \/wp:list --><\/p>\t\t\t\t\t\t\t\t<\/div>\n\t\t\t\t<\/div>\n\t\t\t\t\t<\/div>\n\t\t<\/div>\n\t\t\t\t\t<\/div>\n\t\t<\/section>\n\t\t\t\t<\/div>\n\t\t","protected":false},"excerpt":{"rendered":"<p>Informaci\u00f3n Acad\u00e9mica INGENIER\u00cdA ELECTR\u00d3NICA \u2013 UMSA Formando L\u00edderes en Innovaci\u00f3n Tecnol\u00f3gica La\u00a0Carrera de Ingenier\u00eda Electr\u00f3nica\u00a0de la\u00a0Facultad de Ingenier\u00eda de la [&hellip;]<\/p>\n","protected":false},"author":2,"featured_media":0,"parent":0,"menu_order":0,"comment_status":"closed","ping_status":"closed","template":"","meta":{"site-sidebar-layout":"no-sidebar","site-content-layout":"","ast-site-content-layout":"full-width-container","site-content-style":"default","site-sidebar-style":"default","ast-global-header-display":"","ast-banner-title-visibility":"","ast-main-header-display":"","ast-hfb-above-header-display":"","ast-hfb-below-header-display":"","ast-hfb-mobile-header-display":"","site-post-title":"disabled","ast-breadcrumbs-content":"","ast-featured-img":"disabled","footer-sml-layout":"","ast-disable-related-posts":"","theme-transparent-header-meta":"default","adv-header-id-meta":"","stick-header-meta":"","header-above-stick-meta":"","header-main-stick-meta":"","header-below-stick-meta":"","astra-migrate-meta-layouts":"set","ast-page-background-enabled":"default","ast-page-background-meta":{"desktop":{"background-color":"var(--ast-global-color-5)","background-image":"","background-repeat":"repeat","background-position":"center center","background-size":"auto","background-attachment":"scroll","background-type":"","background-media":"","overlay-type":"","overlay-color":"","overlay-opacity":"","overlay-gradient":""},"tablet":{"background-color":"","background-image":"","background-repeat":"repeat","background-position":"center center","background-size":"auto","background-attachment":"scroll","background-type":"","background-media":"","overlay-type":"","overlay-color":"","overlay-opacity":"","overlay-gradient":""},"mobile":{"background-color":"","background-image":"","background-repeat":"repeat","background-position":"center center","background-size":"auto","background-attachment":"scroll","background-type":"","background-media":"","overlay-type":"","overlay-color":"","overlay-opacity":"","overlay-gradient":""}},"ast-content-background-meta":{"desktop":{"background-color":"var(--ast-global-color-4)","background-image":"","background-repeat":"repeat","background-position":"center center","background-size":"auto","background-attachment":"scroll","background-type":"","background-media":"","overlay-type":"","overlay-color":"","overlay-opacity":"","overlay-gradient":""},"tablet":{"background-color":"var(--ast-global-color-4)","background-image":"","background-repeat":"repeat","background-position":"center center","background-size":"auto","background-attachment":"scroll","background-type":"","background-media":"","overlay-type":"","overlay-color":"","overlay-opacity":"","overlay-gradient":""},"mobile":{"background-color":"var(--ast-global-color-4)","background-image":"","background-repeat":"repeat","background-position":"center center","background-size":"auto","background-attachment":"scroll","background-type":"","background-media":"","overlay-type":"","overlay-color":"","overlay-opacity":"","overlay-gradient":""}},"footnotes":""},"class_list":["post-479","page","type-page","status-publish","hentry"],"rttpg_featured_image_url":null,"rttpg_author":{"display_name":"RENZO FABIAN ORTIZ TAPIA","author_link":"https:\/\/electronica.umsa.edu.bo\/index.php\/author\/rfortiz\/"},"rttpg_comment":0,"rttpg_category":null,"rttpg_excerpt":"Informaci\u00f3n Acad\u00e9mica INGENIER\u00cdA ELECTR\u00d3NICA \u2013 UMSA Formando L\u00edderes en Innovaci\u00f3n Tecnol\u00f3gica La\u00a0Carrera de Ingenier\u00eda Electr\u00f3nica\u00a0de la\u00a0Facultad de Ingenier\u00eda de la [&hellip;]","_links":{"self":[{"href":"https:\/\/electronica.umsa.edu.bo\/index.php\/wp-json\/wp\/v2\/pages\/479","targetHints":{"allow":["GET"]}}],"collection":[{"href":"https:\/\/electronica.umsa.edu.bo\/index.php\/wp-json\/wp\/v2\/pages"}],"about":[{"href":"https:\/\/electronica.umsa.edu.bo\/index.php\/wp-json\/wp\/v2\/types\/page"}],"author":[{"embeddable":true,"href":"https:\/\/electronica.umsa.edu.bo\/index.php\/wp-json\/wp\/v2\/users\/2"}],"replies":[{"embeddable":true,"href":"https:\/\/electronica.umsa.edu.bo\/index.php\/wp-json\/wp\/v2\/comments?post=479"}],"version-history":[{"count":5,"href":"https:\/\/electronica.umsa.edu.bo\/index.php\/wp-json\/wp\/v2\/pages\/479\/revisions"}],"predecessor-version":[{"id":484,"href":"https:\/\/electronica.umsa.edu.bo\/index.php\/wp-json\/wp\/v2\/pages\/479\/revisions\/484"}],"wp:attachment":[{"href":"https:\/\/electronica.umsa.edu.bo\/index.php\/wp-json\/wp\/v2\/media?parent=479"}],"curies":[{"name":"wp","href":"https:\/\/api.w.org\/{rel}","templated":true}]}}